{"id":1206,"date":"2025-01-03T13:15:33","date_gmt":"2025-01-03T12:15:33","guid":{"rendered":"https:\/\/www.jacksart.nl\/kunstwerken-oude-meesters\/"},"modified":"2025-01-10T23:18:30","modified_gmt":"2025-01-10T22:18:30","slug":"alte-meister-mit-einem-augenzwinkern","status":"publish","type":"page","link":"https:\/\/www.jacksart.nl\/de\/alte-meister-mit-einem-augenzwinkern\/","title":{"rendered":"Alte Meister mit einem Augenzwinkern"},"content":{"rendered":"<div class=\"gb-container gb-container-85e0a321 alignfull\">\n<div class=\"gb-container gb-container-abd8cfcc\">\n\n<h1 class=\"gb-headline gb-headline-2cacf949 gb-headline-text\"><strong>Alte Meister mit einem Augenzwinkern<\/strong><\/h1>\n\n<\/div>\n<\/div>\n\n<div class=\"gb-container gb-container-acc8e904 cat-btn\">\n<div class=\"gb-container gb-container-c9d946d2 cat-btn\">\n<div class=\"gb-container gb-container-f4ac84a6\">\n\n<h2 class=\"wp-block-heading has-palette-color-8-color has-text-color has-link-color wp-elements-cc241ca7df3f4a08159e398080cf0eec\"><strong>Alte Meister mit einem Augenzwinkern<\/strong><\/h2>\n\n\n\n<p>In der Kunstgalerie Jacksart finden Sie besondere Alte Meister mit einem Augenzwinkern. Sie kennen sicherlich die weltber\u00fchmten Kunstwerke <strong><em><a href=\"https:\/\/www.jacksart.nl\/de\/product\/de-nacht-wacht-op-ons\/\" data-type=\"product\" data-id=\"1424\">\u201eDie Nachtwache\u201c<\/a><\/em><\/strong>, \u201eDas Milchm\u00e4dchen\u201c, \u201eDas M\u00e4dchen mit dem Perlenohrring\u201c und \u201eLe Fils de l&#8217;Homme\u201c. Der K\u00fcnstler Jack Liemburg gie\u00dft diese Alten Meister in ein neues Gewand und kombiniert sie mit modernen Elementen. Die Alten Meister sind sehr einzigartige Kunstwerke, die Sie zu Hause an die Wand h\u00e4ngen k\u00f6nnen.<\/p>\n\n\n\n<p>Die modernen Alten Meister sind sehr farbenfroh und schaffen eine v\u00f6llig neue Dimension. Dadurch k\u00f6nnen Sie stundenlang auf das Gem\u00e4lde schauen und immer noch neue Elemente entdecken. Die Gem\u00e4lde sind vollst\u00e4ndig an die heutige Zeit angepasst, sodass das wundersch\u00f6ne Kunstwerk ein echter Blickfang im Raum ist. Die Kunst springt f\u00f6rmlich von der Wand!<\/p>\n\n\n\n<h2 class=\"wp-block-heading has-palette-color-8-color has-text-color has-link-color wp-elements-7bf6c1e1a82caec872153f749d8cec28\">Alte Meister mit einem Augenzwinkern kaufen bei Jacksart<\/h2>\n\n\n\n<ul class=\"wp-block-list\">\n<li>Zertifikat der Echtheit;<\/li>\n\n\n\n<li>Kostenloser Versand;<\/li>\n\n\n\n<li>Lieferzeit von 14 Tagen nach Zahlungseingang;<\/li>\n\n\n\n<li>Gem\u00e4lde auf Bestellung \u2013 ganz nach Wunsch.<\/li>\n<\/ul>\n\n\n\n<p><em>Nehmen Sie direkt <a href=\"https:\/\/www.jacksart.nl\/de\/kontakt\/\" data-type=\"page\" data-id=\"1238\">Kontakt<\/a> mit Jacksart auf, um die Alten Meister in modernem Gewand in der Galerie in Apeldoorn zu sehen. Im Online-Shop haben Sie bereits einen guten \u00dcberblick, aber die Gem\u00e4lde kommen im Original am besten zur Geltung.<\/em><\/p>\n\n\n\n<h2 class=\"wp-block-heading has-palette-color-8-color has-text-color has-link-color wp-elements-5b3b1640f7a583fc082f383acdfb987f\"><strong>Alte Meister in modernem Gewand<\/strong><\/h2>\n\n\n\n<p>Haben Sie sich jemals gefragt, wie die Alten Meister aussehen w\u00fcrden, wenn sie in der heutigen Zeit gemalt worden w\u00e4ren? Jack Liemburg von Jacksart erweckt diesen Gedanken zum Leben. Er hat die Alten Meister in ein modernes Kunstgewand geh\u00fcllt, wodurch sie eine ganz neue Dimension erhalten. Dabei verwendet er heutige Maltechniken und verarbeitet eine humorvolle Untermalung. Dadurch werden die Gem\u00e4lde zu echten Hinguckern f\u00fcr das Wohnzimmer, die K\u00fcche, den Flur, das Arbeitszimmer oder das Schlafzimmer.<\/p>\n\n\n\n<p>Neben diesen Alten Meistern mit einem Augenzwinkern bietet Jack Liemburg auch Mixed Media Kunstwerke und <a href=\"https:\/\/www.jacksart.nl\/de\/pop-art-gemaelde-entwerfen-lassen\/\" data-type=\"page\" data-id=\"1208\"><strong>Pop-Art Gem\u00e4lde<\/strong><\/a> an. Au\u00dferdem fertigt Jack auch Kunst auf <a href=\"https:\/\/www.jacksart.nl\/de\/ein-gemaelde-anfertigen-lassen\/\" data-type=\"page\" data-id=\"1224\"><strong>Bestellung<\/strong><\/a> an. Sie k\u00f6nnen ein Gem\u00e4lde in seinem charakteristischen Stil anfertigen lassen. Alle Kunstwerke k\u00f6nnen Sie in der Galerie in aller Ruhe ansehen und f\u00fcr zu Hause oder das B\u00fcro erwerben.<\/p>\n\n\n\n<h2 class=\"wp-block-heading has-palette-color-8-color has-text-color has-link-color wp-elements-a568311f234074c64471c160f83180a2\"><strong>Bunte moderne Alte Meister<\/strong><\/h2>\n\n\n\n<p>Jack Liemburg verwendet oft kr\u00e4ftige Farben, wodurch die alten Gem\u00e4lde ein modernes Gewand erhalten und sehr bunt werden. Dies im Gegensatz zu den Originalgem\u00e4lden, die viel subtiler sind. F\u00fcr die modernen Alten Meister kombiniert Jack Liemburg die alten Gem\u00e4lde mit heutigen Maltechniken. Nat\u00fcrlich k\u00f6nnen Sie sich auch f\u00fcr einen modernen Alten Meister mit den wundersch\u00f6nen neutralen Farben von damals entscheiden. Auch mit diesen Farben bleibt das Gem\u00e4lde ein echter Blickfang in Ihrem Zuhause.<\/p>\n\n\n\n<h2 class=\"wp-block-heading has-palette-color-8-color has-text-color has-link-color wp-elements-c903e4f8a183d86fc2771310e9eacc9e\"><strong>Modern kombiniert mit alt<\/strong><\/h2>\n\n\n\n<p>Moderne Kunst ist heutzutage sehr beliebt, aber auch die Alten Meister d\u00fcrfen nicht vergessen werden. Die Gem\u00e4lde k\u00f6nnen Sie selbstverst\u00e4ndlich im Museum betrachten, aber wie sch\u00f6n w\u00e4re es, wenn ein Alter Meister einfach in Ihrem Wohnzimmer h\u00e4ngt? Jack Liemburg kombiniert die Alten Meister mit der Kunst von heute, wodurch die Alten Meister in ein modernes Gewand geh\u00fcllt werden. Die Gem\u00e4lde werden auf Leinwand gefertigt, in Kombination mit Epoxidharz. Sie k\u00f6nnen auch verschiedene Gr\u00f6\u00dfen w\u00e4hlen.<\/p>\n\n\n\n<h2 class=\"wp-block-heading has-palette-color-8-color has-text-color has-link-color wp-elements-3532e72441e61f133bc79078e5e07101\"><strong>Die Nachtwache bei uns<\/strong><\/h2>\n\n\n\n<p>Eines der bekanntesten Alten Meister Gem\u00e4lde von Jack Liemburg ist \u201eDie Nachtwache bei uns\u201c. Eine gro\u00dfartige Bearbeitung von Rembrandts \u201eDie Nachtwache\u201c. Auf diesem Gem\u00e4lde sehen Sie nicht nur die Sch\u00fctzen des Meisterwerks, auch \u201eDas Milchm\u00e4dchen\u201c von Johannes Vermeer ist integriert. Wie besonders ist das: zwei Kunstwerke in einem! Wie bei den anderen Alten Meistern wurde dieses Gem\u00e4lde mit moderner Kunst kombiniert, bestehend aus zerbrechlicher, roher Sch\u00f6nheit. Die Alten Meister verdienen alle einen sch\u00f6nen Platz an der Wand!<\/p>\n\n\n\n<h2 class=\"wp-block-heading has-palette-color-8-color has-text-color has-link-color wp-elements-d44709f890b87377f43aa47727e59232\"><strong>Die Kunstwerke kaufen Sie im Online-Shop<\/strong><\/h2>\n\n\n\n<p>Die Alten Meister mit einem Augenzwinkern k\u00f6nnen Sie ganz einfach \u00fcber den Webshop von Jack Liemburg bestellen. Sehen Sie sich oben die verschiedenen modernen Alten Meister an und w\u00e4hlen Sie das, das Ihnen am meisten gef\u00e4llt. Gehen Sie dann auf die Seite des entsprechenden Kunstwerks und w\u00e4hlen Sie das Format, in dem Sie das Gem\u00e4lde haben m\u00f6chten. F\u00fcgen Sie es dann Ihrem Warenkorb hinzu und zahlen Sie online. Ihre Bestellung wird Ihnen so schnell wie m\u00f6glich nach Hause geliefert. Jack Liemburg garantiert eine Lieferzeit von maximal 14 Tagen nach Zahlungseingang. Die Preise auf der Website sind inklusive Versandkosten. Die Lieferung erfolgt \u00fcber einen ausgew\u00e4hlten Kurier oder Paketdienst.<\/p>\n\n\n\n<h2 class=\"wp-block-heading has-palette-color-8-color has-text-color has-link-color wp-elements-8ebad11781abf67f62e0d5fc81edd099\"><strong>Besuchen Sie die Galerie<\/strong><\/h2>\n\n\n\n<p>M\u00f6chten Sie die wundersch\u00f6nen Gem\u00e4lde und modernen Alten Meister mit einem Twist in echt sehen? Das k\u00f6nnen Sie in der Galerie von Jacksart. Diese ist freitags, samstags und sonntags nach Vereinbarung ge\u00f6ffnet. M\u00f6chten Sie zu einer anderen Zeit kommen? Nehmen Sie dann gerne \u00fcber das <a href=\"https:\/\/www.jacksart.nl\/de\/kontakt\/\" data-type=\"page\" data-id=\"1238\"><strong>Kontaktformular<\/strong><\/a> Kontakt auf. Wenn Sie mehr Informationen w\u00fcnschen, k\u00f6nnen Sie sich auch jederzeit bei uns melden.<\/p>\n\n<\/div>\n<\/div>\n<\/div>","protected":false},"excerpt":{"rendered":"<p>Alte Meister mit einem Augenzwinkern Alte Meister mit einem Augenzwinkern In der Kunstgalerie Jacksart finden Sie besondere Alte Meister mit einem Augenzwinkern. Sie kennen sicherlich die weltber\u00fchmten Kunstwerke \u201eDie Nachtwache\u201c, \u201eDas Milchm\u00e4dchen\u201c, \u201eDas M\u00e4dchen mit dem Perlenohrring\u201c und \u201eLe Fils de l&#8217;Homme\u201c. Der K\u00fcnstler Jack Liemburg gie\u00dft diese Alten Meister in ein neues Gewand und [&hellip;]<\/p>\n","protected":false},"author":1,"featured_media":0,"parent":0,"menu_order":0,"comment_status":"closed","ping_status":"closed","template":"","meta":{"_acf_changed":false,"footnotes":""},"class_list":["post-1206","page","type-page","status-publish","hentry"],"blocksy_meta":[],"acf":[],"_links":{"self":[{"href":"https:\/\/www.jacksart.nl\/de\/wp-json\/wp\/v2\/pages\/1206","targetHints":{"allow":["GET"]}}],"collection":[{"href":"https:\/\/www.jacksart.nl\/de\/wp-json\/wp\/v2\/pages"}],"about":[{"href":"https:\/\/www.jacksart.nl\/de\/wp-json\/wp\/v2\/types\/page"}],"author":[{"embeddable":true,"href":"https:\/\/www.jacksart.nl\/de\/wp-json\/wp\/v2\/users\/1"}],"replies":[{"embeddable":true,"href":"https:\/\/www.jacksart.nl\/de\/wp-json\/wp\/v2\/comments?post=1206"}],"version-history":[{"count":8,"href":"https:\/\/www.jacksart.nl\/de\/wp-json\/wp\/v2\/pages\/1206\/revisions"}],"predecessor-version":[{"id":1779,"href":"https:\/\/www.jacksart.nl\/de\/wp-json\/wp\/v2\/pages\/1206\/revisions\/1779"}],"wp:attachment":[{"href":"https:\/\/www.jacksart.nl\/de\/wp-json\/wp\/v2\/media?parent=1206"}],"curies":[{"name":"wp","href":"https:\/\/api.w.org\/{rel}","templated":true}]}}