{"id":1208,"date":"2025-01-03T09:59:58","date_gmt":"2025-01-03T08:59:58","guid":{"rendered":"https:\/\/www.jacksart.nl\/popart-schilderij\/"},"modified":"2025-01-10T20:48:57","modified_gmt":"2025-01-10T19:48:57","slug":"pop-art-gemaelde-entwerfen-lassen","status":"publish","type":"page","link":"https:\/\/www.jacksart.nl\/de\/pop-art-gemaelde-entwerfen-lassen\/","title":{"rendered":"Pop-Art-Gem\u00e4lde entwerfen lassen?"},"content":{"rendered":"<div class=\"gb-container gb-container-4b463bb4 alignfull\">\n<div class=\"gb-container gb-container-818d6cc6\">\n\n<h1 class=\"gb-headline gb-headline-30e690d4 gb-headline-text\">Pop-Art-Gem\u00e4lde entwerfen lassen?<\/h1>\n\n<\/div>\n<\/div>\n\n<div class=\"gb-container gb-container-acc8e904 cat-btn\">\n<div class=\"gb-container gb-container-f4ac84a6\">\n<div class=\"gb-grid-wrapper gb-grid-wrapper-9baaa684\">\n<div class=\"gb-grid-column gb-grid-column-1e884004\"><div class=\"gb-container gb-container-1e884004\">\n\n<h2 class=\"wp-block-heading has-palette-color-8-color has-text-color has-link-color wp-elements-261543108acafd40c74efe4ad28f7a76\">Pop-Art-Gem\u00e4lde entwerfen lassen?<\/h2>\n\n\n\n<p>Auf der Suche nach einem Pop-Art-Gem\u00e4lde? Der K\u00fcnstler Jack Liemburg fertigt diese individuell f\u00fcr Sie an. Jack ist K\u00fcnstler und Eigent\u00fcmer der Galerie Jacksart. Sie k\u00f6nnen bei Jack ein bereits existierendes Pop-Art-Gem\u00e4lde kaufen oder ein Gem\u00e4lde nach Ihren Vorstellungen anfertigen lassen. Zudem sind Sie herzlich eingeladen, die Kunstwerke pers\u00f6nlich in der Jacksart-Galerie in Apeldoorn zu besichtigen.<\/p>\n\n\n\n<p>Die Kontaktaufnahme \u00fcber die Website von Jack ist ganz einfach, um Pop-Art-Kunst anfertigen zu lassen. Die Kunstwerke entstehen auf Grundlage Ihres eigenen Bildmaterials, Ihrer Ideen oder eines bestimmten Themas. Das pers\u00f6nliche Gem\u00e4lde wird von Jack speziell nach Ihren W\u00fcnschen gestaltet.<\/p>\n\n\n\n<p>Nehmen Sie direkt Kontakt mit Jack auf, wenn Sie ein Pop-Art-Gem\u00e4lde kaufen m\u00f6chten. Sie k\u00f6nnen ganz einfach das Kontaktformular auf der Website ausf\u00fcllen. Selbstverst\u00e4ndlich ist Jack auch telefonisch erreichbar. Sie k\u00f6nnen ihn w\u00e4hrend der B\u00fcrozeiten unter der Nummer 085-1119599 anrufen.<\/p>\n\n<\/div><\/div>\n\n<div class=\"gb-grid-column gb-grid-column-23708cc3\"><div class=\"gb-container gb-container-23708cc3\">\n\n<figure class=\"gb-block-image gb-block-image-7dafbb3c\"><img loading=\"lazy\" decoding=\"async\" width=\"640\" height=\"436\" class=\"gb-image gb-image-7dafbb3c\" src=\"https:\/\/www.jacksart.nl\/wp-content\/uploads\/2024\/10\/image01.jpg\" alt=\"\" title=\"image0(1)\" srcset=\"https:\/\/www.jacksart.nl\/wp-content\/uploads\/2024\/10\/image01.jpg 640w, https:\/\/www.jacksart.nl\/wp-content\/uploads\/2024\/10\/image01-512x349.jpg 512w, https:\/\/www.jacksart.nl\/wp-content\/uploads\/2024\/10\/image01-500x341.jpg 500w\" sizes=\"auto, (max-width: 640px) 100vw, 640px\" \/><\/figure>\n\n<\/div><\/div>\n<\/div>\n<\/div>\n<\/div>","protected":false},"excerpt":{"rendered":"<p>Pop-Art-Gem\u00e4lde entwerfen lassen?<\/p>\n","protected":false},"author":1,"featured_media":0,"parent":0,"menu_order":0,"comment_status":"closed","ping_status":"closed","template":"","meta":{"_acf_changed":false,"footnotes":""},"class_list":["post-1208","page","type-page","status-publish","hentry"],"blocksy_meta":[],"acf":[],"_links":{"self":[{"href":"https:\/\/www.jacksart.nl\/de\/wp-json\/wp\/v2\/pages\/1208","targetHints":{"allow":["GET"]}}],"collection":[{"href":"https:\/\/www.jacksart.nl\/de\/wp-json\/wp\/v2\/pages"}],"about":[{"href":"https:\/\/www.jacksart.nl\/de\/wp-json\/wp\/v2\/types\/page"}],"author":[{"embeddable":true,"href":"https:\/\/www.jacksart.nl\/de\/wp-json\/wp\/v2\/users\/1"}],"replies":[{"embeddable":true,"href":"https:\/\/www.jacksart.nl\/de\/wp-json\/wp\/v2\/comments?post=1208"}],"version-history":[{"count":3,"href":"https:\/\/www.jacksart.nl\/de\/wp-json\/wp\/v2\/pages\/1208\/revisions"}],"predecessor-version":[{"id":1726,"href":"https:\/\/www.jacksart.nl\/de\/wp-json\/wp\/v2\/pages\/1208\/revisions\/1726"}],"wp:attachment":[{"href":"https:\/\/www.jacksart.nl\/de\/wp-json\/wp\/v2\/media?parent=1208"}],"curies":[{"name":"wp","href":"https:\/\/api.w.org\/{rel}","templated":true}]}}