{"id":1214,"date":"2024-10-21T13:59:05","date_gmt":"2024-10-21T11:59:05","guid":{"rendered":"https:\/\/www.jacksart.nl\/algemene-voorwaarden\/"},"modified":"2025-01-10T15:48:42","modified_gmt":"2025-01-10T14:48:42","slug":"allgemeine-bedingungen-und-konditionen","status":"publish","type":"page","link":"https:\/\/www.jacksart.nl\/de\/allgemeine-bedingungen-und-konditionen\/","title":{"rendered":"Allgemeine Bedingungen und Konditionen"},"content":{"rendered":"<div class=\"gb-container gb-container-85e0a321 alignfull\">\n<div class=\"gb-container gb-container-abd8cfcc\">\n<h1 class=\"gb-headline gb-headline-2cacf949 gb-headline-text\">Allgemeine Bedingungen und Konditionen<\/h1>\n<\/div>\n<\/div>\n\n<div class=\"gb-container gb-container-acc8e904 cat-btn\">\n<div class=\"gb-container gb-container-f4ac84a6\">\n\n<p>jacksart, Sprengenweg 15 7313 DE Apeldoorn, ist verantwortlich f\u00fcr die Verarbeitung personenbezogener Daten, wie in dieser Datenschutzerkl\u00e4rung beschrieben.<\/p>\n\n\n\n<p><strong>Kontaktinformationen:<\/strong><br><a href=\"http:\/\/www.jacksart.nl\">http:\/\/www.jacksart.nl<\/a><br>Sprengenweg 15 7313 DE Apeldoorn<br><a href=\"tel:0851119599\">0851119599<\/a><br>j.liemburg ist der Datenschutzbeauftragte von jacksart. Er\/sie ist erreichbar unter <a href=\"mailto:jack@jacksart.nl\">jack@jacksart.nl<\/a><br><\/p>\n\n\n\n<p><strong>Personenbezogene Daten, die wir verarbeiten<\/strong><br>jacksart verarbeitet keine personenbezogenen Daten, da auf unserer Website keine personenbezogenen Daten hinterlassen werden k\u00f6nnen. Wir verwenden auch keine Social Media Plugins.<\/p>\n\n\n\n<p><strong>Besondere und\/oder sensible personenbezogene Daten, die wir verarbeiten<\/strong><br>Unsere Website und\/oder unser Dienst beabsichtigt nicht, Daten von Website-Besuchern zu sammeln, die j\u00fcnger als 16 Jahre alt sind. Es sei denn, sie haben die Erlaubnis ihrer Eltern oder Erziehungsberechtigten. Wir k\u00f6nnen jedoch nicht \u00fcberpr\u00fcfen, ob ein Besucher \u00e4lter als 16 Jahre ist. Wir raten daher den Eltern, sich mit den Online-Aktivit\u00e4ten ihrer Kinder zu befassen, um zu vermeiden, dass ohne elterliche Zustimmung Daten \u00fcber Kinder gesammelt werden. Wenn Sie davon \u00fcberzeugt sind, dass wir personenbezogene Daten \u00fcber einen Minderj\u00e4hrigen ohne eine solche Zustimmung gesammelt haben, wenden Sie sich bitte an info@jacksart.nl, und wir werden diese Informationen l\u00f6schen.<\/p>\n\n\n\n<p><strong>Zu welchem Zweck und auf welcher Grundlage wir personenbezogene Daten verarbeiten<\/strong><br>jacksart verarbeitet Ihre personenbezogenen Daten zu den folgenden Zwecken:<br>jacksart verarbeitet auch personenbezogene Daten, wenn wir gesetzlich dazu verpflichtet sind, wie z.B. Daten, die wir f\u00fcr unsere Steuererkl\u00e4rung ben\u00f6tigen.<br><\/p>\n\n\n\n<p><strong>Automatisierte Entscheidungsfindung<\/strong><br>jacksart trifft Entscheidungen \u00fcber Angelegenheiten, die den Einzelnen (erheblich) beeintr\u00e4chtigen k\u00f6nnten, auf der Grundlage einer automatisierten Verarbeitung. Dies betrifft<br>Es handelt sich um Entscheidungen, die von Computerprogrammen oder -systemen getroffen werden, ohne dass eine Person (z.B. ein Mitarbeiter von jacksart) beteiligt ist.<br>jacksart verwendet die folgenden Computerprogramme oder -systeme: [Name des Systems, Grund der Verwendung, zugrunde liegende Logik,<br>Bedeutung und erwartete Folgen f\u00fcr die betroffene Person]<\/p>\n\n\n\n<p><strong>Wie lange wir personenbezogene Daten aufbewahren<\/strong><br>jacksart bewahrt Ihre personenbezogenen Daten nicht l\u00e4nger auf, als es f\u00fcr die Erf\u00fcllung der Zwecke, f\u00fcr die Ihre Daten erhoben wurden, unbedingt erforderlich ist. Wir wenden die<br>folgende Aufbewahrungsfristen f\u00fcr die folgenden (Kategorien) personenbezogener Daten: (Kategorie) personenbezogene Daten > Aufbewahrungsfrist > Grund Personalia ><br>Aufbewahrungsfrist > Grund Adresse > Aufbewahrungsfrist > Grund Und so weiter > Aufbewahrungsfrist > Grund<br><\/p>\n\n\n\n<p><strong>Weitergabe personenbezogener Daten an Dritte<br><\/strong>jacksart gibt personenbezogene Daten nur dann an Dritte weiter, wenn dies f\u00fcr die Erf\u00fcllung unserer Vereinbarung mit Ihnen oder zur Erf\u00fcllung einer gesetzlichen<br>Verpflichtung.<\/p>\n\n\n\n<p><strong>Cookies, oder vergleichbare Techniken, die wir verwenden<br><\/strong>jacksart verwendet nur technische und funktionale Cookies. Und analytische Cookies, die Ihre Privatsph\u00e4re nicht verletzen. Ein Cookie ist eine kleine Textdatei, die<br>auf Ihrem Computer, Tablet oder Smartphone gespeichert wird, wenn Sie diese Website zum ersten Mal besuchen. Die von uns verwendeten Cookies sind notwendig f\u00fcr den<br>technischen Betrieb der Website und Ihre Benutzerfreundlichkeit. Sie stellen sicher, dass die Website ordnungsgem\u00e4\u00df funktioniert und speichern beispielsweise Ihre<br>Vorlieben. Sie erm\u00f6glichen es uns auch, unsere Website zu optimieren. Sie k\u00f6nnen die Verwendung von Cookies ablehnen, indem Sie Ihren Internetbrowser so konfigurieren, dass er<br>Cookies. Sie k\u00f6nnen auch alle zuvor gespeicherten Informationen \u00fcber Ihre Browsereinstellungen l\u00f6schen.<br><\/p>\n\n\n\n<p><strong>Einsichtnahme, Berichtigung oder L\u00f6schung von Daten<\/strong><br>Sie haben das Recht, Ihre personenbezogenen Daten einzusehen, zu berichtigen oder zu l\u00f6schen. Dar\u00fcber hinaus haben Sie das Recht, Ihre eventuelle Einwilligung in die<br>Datenverarbeitung zu widerrufen oder der Verarbeitung Ihrer personenbezogenen Daten durch jacksart zu widersprechen und Sie haben das Recht auf<br>Daten\u00fcbertragbarkeit. Das bedeutet, dass Sie bei uns beantragen k\u00f6nnen, dass die personenbezogenen Daten, die wir \u00fcber Sie in einer Computerdatei gespeichert haben, \u00fcbertragen werden<br>an Sie oder eine andere von Ihnen benannte Organisation. Sie k\u00f6nnen einen Antrag auf Einsicht, Berichtigung, L\u00f6schung oder \u00dcbertragung Ihrer<br>Sie k\u00f6nnen einen Antrag auf Einsicht, Berichtigung, L\u00f6schung oder \u00dcbermittlung Ihrer personenbezogenen Daten stellen, Ihre Einwilligung widerrufen oder Widerspruch gegen die Verarbeitung Ihrer personenbezogenen Daten an info@jacksart.nl einlegen. Um zu gew\u00e4hrleisten<br>sicherzustellen, dass der Antrag auf Einsichtnahme von Ihnen stammt, bitten wir Sie, dem Antrag eine Kopie Ihres Identit\u00e4tsnachweises beizuf\u00fcgen. In dieser<br>Kopie sind Ihr Passfoto, die MRZ (maschinenlesbare Zone, der Zahlenstreifen am unteren Rand des Passes), die Passnummer und die B\u00fcrgerservicenummer (BSN) in schwarzer Schrift anzugeben. Dies dient dem<br>Schutz Ihrer Privatsph\u00e4re. Wir werden Ihre Anfrage so schnell wie m\u00f6glich, aber innerhalb von vier Wochen beantworten. jacksart m\u00f6chte Sie auch darauf hinweisen, dass Sie die M\u00f6glichkeit haben<br>eine Beschwerde bei der nationalen Aufsichtsbeh\u00f6rde, der Beh\u00f6rde f\u00fcr personenbezogene Daten, einzureichen. Sie k\u00f6nnen dies \u00fcber den folgenden Link tun:<br>https:\/\/autoriteitpersoonsgegevens.nl\/nl\/contact-met-de-autoriteit-persoonsgegevens\/tip-ons<\/p>\n\n\n\n<p><strong>Wie wir pers\u00f6nliche Daten sch\u00fctzen<\/strong><br>jacksart nimmt den Schutz Ihrer Daten ernst und ergreift geeignete Ma\u00dfnahmen, um Missbrauch, Verlust, unbefugten Zugriff, unerw\u00fcnschte<br>Offenlegung und unbefugte \u00c4nderung zu verhindern. Wenn Sie das Gef\u00fchl haben, dass Ihre Daten nicht richtig gesichert sind oder es Anzeichen f\u00fcr<br>Missbrauch gibt, wenden Sie sich bitte an unseren Kundenservice oder an info@jacksart.nl.<\/p>\n\n\n\n<p>Handhabung Ihrer Zahlung<\/p>\n\n\n\n<p>Zur Lieferung von Waren und Dienstleistungen an Sie<\/p>\n\n<\/div>\n<\/div>","protected":false},"excerpt":{"rendered":"<p>Allgemeine Bedingungen und Konditionen jacksart, Sprengenweg 15 7313 DE Apeldoorn, ist verantwortlich f\u00fcr die Verarbeitung personenbezogener Daten, wie in dieser Datenschutzerkl\u00e4rung beschrieben. Kontaktinformationen:http:\/\/www.jacksart.nlSprengenweg 15 7313 DE Apeldoorn0851119599j.liemburg ist der Datenschutzbeauftragte von jacksart. Er\/sie ist erreichbar unter jack@jacksart.nl Personenbezogene Daten, die wir verarbeitenjacksart verarbeitet keine personenbezogenen Daten, da auf unserer Website keine personenbezogenen Daten hinterlassen werden [&hellip;]<\/p>\n","protected":false},"author":1,"featured_media":0,"parent":0,"menu_order":0,"comment_status":"closed","ping_status":"closed","template":"","meta":{"_acf_changed":false,"footnotes":""},"class_list":["post-1214","page","type-page","status-publish","hentry"],"blocksy_meta":[],"acf":[],"_links":{"self":[{"href":"https:\/\/www.jacksart.nl\/de\/wp-json\/wp\/v2\/pages\/1214","targetHints":{"allow":["GET"]}}],"collection":[{"href":"https:\/\/www.jacksart.nl\/de\/wp-json\/wp\/v2\/pages"}],"about":[{"href":"https:\/\/www.jacksart.nl\/de\/wp-json\/wp\/v2\/types\/page"}],"author":[{"embeddable":true,"href":"https:\/\/www.jacksart.nl\/de\/wp-json\/wp\/v2\/users\/1"}],"replies":[{"embeddable":true,"href":"https:\/\/www.jacksart.nl\/de\/wp-json\/wp\/v2\/comments?post=1214"}],"version-history":[{"count":2,"href":"https:\/\/www.jacksart.nl\/de\/wp-json\/wp\/v2\/pages\/1214\/revisions"}],"predecessor-version":[{"id":1644,"href":"https:\/\/www.jacksart.nl\/de\/wp-json\/wp\/v2\/pages\/1214\/revisions\/1644"}],"wp:attachment":[{"href":"https:\/\/www.jacksart.nl\/de\/wp-json\/wp\/v2\/media?parent=1214"}],"curies":[{"name":"wp","href":"https:\/\/api.w.org\/{rel}","templated":true}]}}