{"id":1216,"date":"2024-10-21T13:58:48","date_gmt":"2024-10-21T11:58:48","guid":{"rendered":"https:\/\/www.jacksart.nl\/verzending\/"},"modified":"2025-01-10T15:44:55","modified_gmt":"2025-01-10T14:44:55","slug":"versand","status":"publish","type":"page","link":"https:\/\/www.jacksart.nl\/de\/versand\/","title":{"rendered":"Versand"},"content":{"rendered":"<div class=\"gb-container gb-container-4b463bb4 alignfull\">\n<div class=\"gb-container gb-container-818d6cc6\">\n<h1 class=\"gb-headline gb-headline-30e690d4 gb-headline-text\">Versand<\/h1>\n<\/div>\n<\/div>\n\n<div class=\"gb-container gb-container-acc8e904 cat-btn\">\n<div class=\"gb-container gb-container-f4ac84a6\">\n<div class=\"gb-grid-wrapper gb-grid-wrapper-9baaa684\">\n<div class=\"gb-grid-column gb-grid-column-1e884004\"><div class=\"gb-container gb-container-1e884004\">\n\n<h2 class=\"wp-block-heading has-palette-color-8-color has-text-color has-link-color wp-elements-64e1b853dd8b561da6fd4daa24b801ee\"><strong>Versand<\/strong><\/h2>\n\n\n\n<p>Wir tun unser Bestes, um Ihnen die Bestellung so schnell wie m\u00f6glich zu liefern. Wir garantieren eine maximale Lieferzeit von 14 Tagen nach Zahlungseingang.<\/p>\n\n\n\n<p>Die angegebenen Preise enthalten die Versandkosten. Die Versandkosten sind im Preis enthalten. Die Lieferung erfolgt \u00fcber einen ausgew\u00e4hlten Paketdienst oder Kurier. In der Regel erfolgt die Zustellung zwischen 9:00 und 18:00 Uhr. Leider k\u00f6nnen wir die Lieferzeit nicht garantieren.<\/p>\n\n<\/div><\/div>\n\n<div class=\"gb-grid-column gb-grid-column-23708cc3\"><div class=\"gb-container gb-container-23708cc3\">\n\n<figure class=\"gb-block-image gb-block-image-7dafbb3c\"><img loading=\"lazy\" decoding=\"async\" width=\"640\" height=\"436\" class=\"gb-image gb-image-7dafbb3c\" src=\"https:\/\/www.jacksart.nl\/wp-content\/uploads\/2024\/10\/image01.jpg\" alt=\"\" title=\"image0(1)\" srcset=\"https:\/\/www.jacksart.nl\/wp-content\/uploads\/2024\/10\/image01.jpg 640w, https:\/\/www.jacksart.nl\/wp-content\/uploads\/2024\/10\/image01-512x349.jpg 512w, https:\/\/www.jacksart.nl\/wp-content\/uploads\/2024\/10\/image01-500x341.jpg 500w\" sizes=\"auto, (max-width: 640px) 100vw, 640px\" \/><\/figure>\n\n<\/div><\/div>\n<\/div>\n<\/div>\n<\/div>","protected":false},"excerpt":{"rendered":"<p>Versand<\/p>\n","protected":false},"author":1,"featured_media":0,"parent":0,"menu_order":0,"comment_status":"closed","ping_status":"closed","template":"","meta":{"_acf_changed":false,"footnotes":""},"class_list":["post-1216","page","type-page","status-publish","hentry"],"blocksy_meta":[],"acf":[],"_links":{"self":[{"href":"https:\/\/www.jacksart.nl\/de\/wp-json\/wp\/v2\/pages\/1216","targetHints":{"allow":["GET"]}}],"collection":[{"href":"https:\/\/www.jacksart.nl\/de\/wp-json\/wp\/v2\/pages"}],"about":[{"href":"https:\/\/www.jacksart.nl\/de\/wp-json\/wp\/v2\/types\/page"}],"author":[{"embeddable":true,"href":"https:\/\/www.jacksart.nl\/de\/wp-json\/wp\/v2\/users\/1"}],"replies":[{"embeddable":true,"href":"https:\/\/www.jacksart.nl\/de\/wp-json\/wp\/v2\/comments?post=1216"}],"version-history":[{"count":2,"href":"https:\/\/www.jacksart.nl\/de\/wp-json\/wp\/v2\/pages\/1216\/revisions"}],"predecessor-version":[{"id":1642,"href":"https:\/\/www.jacksart.nl\/de\/wp-json\/wp\/v2\/pages\/1216\/revisions\/1642"}],"wp:attachment":[{"href":"https:\/\/www.jacksart.nl\/de\/wp-json\/wp\/v2\/media?parent=1216"}],"curies":[{"name":"wp","href":"https:\/\/api.w.org\/{rel}","templated":true}]}}