{"id":1220,"date":"2024-10-21T11:19:07","date_gmt":"2024-10-21T09:19:07","guid":{"rendered":"https:\/\/www.jacksart.nl\/over-ons\/"},"modified":"2025-01-10T15:27:47","modified_gmt":"2025-01-10T14:27:47","slug":"ueber-uns","status":"publish","type":"page","link":"https:\/\/www.jacksart.nl\/de\/ueber-uns\/","title":{"rendered":"\u00dcber uns"},"content":{"rendered":"<div class=\"gb-container gb-container-0aea41b2 alignfull\">\n<div class=\"gb-container gb-container-5a4f5848\">\n<h1 class=\"gb-headline gb-headline-c65e27d6 gb-headline-text\">\u00dcber uns<\/h1>\n<\/div>\n<\/div>\n\n<div class=\"gb-container gb-container-acc8e904 cat-btn\">\n<div class=\"gb-container gb-container-f4ac84a6\">\n<div class=\"gb-grid-wrapper gb-grid-wrapper-9baaa684\">\n<div class=\"gb-grid-column gb-grid-column-1e884004\"><div class=\"gb-container gb-container-1e884004\">\n\n<h2 class=\"wp-block-heading has-palette-color-8-color has-text-color has-link-color wp-elements-a1084b6e372186084ceea23643cd9414\">Jack<\/h2>\n\n\n\n<p>Der K\u00fcnstler Jack Liemburg zeichnet sich durch eine kreative Einzigartigkeit mit einer Symbiose aus fotografischer Malerei aus, die er mit seiner Vorliebe f\u00fcr groteske Monumentalsujets und der zerbrechlichen, rauen Sch\u00f6nheit des Allt\u00e4glichen verbindet. Nichts ist so, wie es scheint, und ohne Konventionen faltet Jack wie ein Schamane, bewaffnet mit symbolischen Trommeln und einer noch nie dagewesenen Farbpalette, die Welt zu einem Spektakel, in dem der Betrachter wie ein Entdecker in unbekannte Dimensionen entf\u00fchrt wird, in denen sich die Fantasie entfalten kann. Jedes Kunstwerk von Jack ist ein Erlebnis, ein dynamisches Abenteuer, das einen in seinen Bann zieht, eine Blaupause des dunklen &amp; die helle Seite des Mondes, energiegeladen und poetisch zugleich. Eine Hilfe, um mit der nicht-allt\u00e4glichen Realit\u00e4t in Kontakt zu kommen, mit dem Wissen und der Kraft anderer Welten, mit denen wir meist unbewusst verbunden sind. Jacksart vereint das \u00dcbernat\u00fcrliche und das Allt\u00e4gliche in seinen faszinierenden Kunstwerken, unnachahmlich, wie es nur Jack kann.<\/p>\n\n<\/div><\/div>\n\n<div class=\"gb-grid-column gb-grid-column-23708cc3\"><div class=\"gb-container gb-container-23708cc3\">\n\n<figure class=\"gb-block-image gb-block-image-7dafbb3c\"><img loading=\"lazy\" decoding=\"async\" width=\"1219\" height=\"850\" class=\"gb-image gb-image-7dafbb3c\" src=\"https:\/\/www.jacksart.nl\/wp-content\/uploads\/2024\/11\/DE-NACHT-WACHT-OP-ONS-LIEF_WEB.jpg\" alt=\"\" title=\"DE-NACHT-WACHT-OP-ONS-LIEF_WEB\" srcset=\"https:\/\/www.jacksart.nl\/wp-content\/uploads\/2024\/11\/DE-NACHT-WACHT-OP-ONS-LIEF_WEB.jpg 1219w, https:\/\/www.jacksart.nl\/wp-content\/uploads\/2024\/11\/DE-NACHT-WACHT-OP-ONS-LIEF_WEB-512x357.jpg 512w, https:\/\/www.jacksart.nl\/wp-content\/uploads\/2024\/11\/DE-NACHT-WACHT-OP-ONS-LIEF_WEB-1024x714.jpg 1024w, https:\/\/www.jacksart.nl\/wp-content\/uploads\/2024\/11\/DE-NACHT-WACHT-OP-ONS-LIEF_WEB-768x536.jpg 768w, https:\/\/www.jacksart.nl\/wp-content\/uploads\/2024\/11\/DE-NACHT-WACHT-OP-ONS-LIEF_WEB-500x349.jpg 500w\" sizes=\"auto, (max-width: 1219px) 100vw, 1219px\" \/><\/figure>\n\n<\/div><\/div>\n\n<div class=\"gb-grid-column gb-grid-column-fad3d876\"><div class=\"gb-container gb-container-fad3d876\">\n\n<figure class=\"gb-block-image gb-block-image-b6b2cd76\"><img loading=\"lazy\" decoding=\"async\" width=\"1440\" height=\"1152\" class=\"gb-image gb-image-b6b2cd76\" src=\"https:\/\/www.jacksart.nl\/wp-content\/uploads\/2024\/10\/abeeece119af4ea3bff220975be63e02.jpg\" alt=\"\" title=\"abeeece119af4ea3bff220975be63e02\" srcset=\"https:\/\/www.jacksart.nl\/wp-content\/uploads\/2024\/10\/abeeece119af4ea3bff220975be63e02.jpg 1440w, https:\/\/www.jacksart.nl\/wp-content\/uploads\/2024\/10\/abeeece119af4ea3bff220975be63e02-512x410.jpg 512w, https:\/\/www.jacksart.nl\/wp-content\/uploads\/2024\/10\/abeeece119af4ea3bff220975be63e02-1024x819.jpg 1024w, https:\/\/www.jacksart.nl\/wp-content\/uploads\/2024\/10\/abeeece119af4ea3bff220975be63e02-768x614.jpg 768w, https:\/\/www.jacksart.nl\/wp-content\/uploads\/2024\/10\/abeeece119af4ea3bff220975be63e02-600x480.jpg 600w\" sizes=\"auto, (max-width: 1440px) 100vw, 1440px\" \/><\/figure>\n\n<\/div><\/div>\n\n<div class=\"gb-grid-column gb-grid-column-96129863\"><div class=\"gb-container gb-container-96129863\">\n\n<h2 class=\"wp-block-heading has-palette-color-8-color has-text-color has-link-color wp-elements-2a7380af5d4f097fab91be36c49949c2\">Ihr K\u00fcnstler f\u00fcr Pop Art<\/h2>\n\n\n\n<p>Ob Sie ein sch\u00f6nes Pop-Art-St\u00fcck w\u00fcnschen &#8211; oder ein einzigartiges Kunstwerk: Jacksart hat Spa\u00df daran, jedes Kunstwerk zu schaffen. Ihre W\u00fcnsche und Ideen in ein Gem\u00e4lde einzubringen, gemischt mit meinem Stil zum Beispiel, ist jedes Mal eine lustige Entdeckungsreise. Mein Name ist Jack Liemburg und ich bin seit zehn Jahren K\u00fcnstler und Interpret moderner Kunst. Ich \u00fcbersetze Alltagsthemen auf gro\u00dfen Leinw\u00e4nden, und das auf meine ganz eigene Art. Ich setze meine eigenen Gef\u00fchle und Ideen in farbenfrohe Kreationen um. Diese haben immer einen hohen Wiedererkennungswert! Sehen Sie sich meine Bilder an und denken \u201edas sieht aus wie ein Foto\u201c? Das kann durchaus stimmen! Ich mische gerne (meine eigenen) fotografischen Arbeiten mit meiner Malerei. Ich mache das f\u00fcr mich selbst, aber auch aufgrund von Auftr\u00e4gen. J\u00e4hrlich stelle ich etwa 200 bis 300 Leinw\u00e4nde her. Diese finden ihre endg\u00fcltige Bestimmung in in- und ausl\u00e4ndischen Galerien, aber auch in Privathaushalten. M\u00f6chten Sie ein von mir gemaltes Bild kaufen? Das k\u00f6nnen Sie! Sehen Sie sich meine Werke online an oder stellen Sie eine Anfrage<\/p>\n\n<\/div><\/div>\n\n<div class=\"gb-grid-column gb-grid-column-5d98ab8e\"><div class=\"gb-container gb-container-5d98ab8e\">\n\n<h2 class=\"wp-block-heading has-palette-color-8-color has-text-color has-link-color wp-elements-bace60efcbe122bdc846cee1e4ea3f10\">Ma\u00dfgeschneiderte Kunst<\/h2>\n\n\n\n<p>Bei Jack Liemburg k\u00f6nnen Sie auch ein <strong><a href=\"https:\/\/www.jacksart.nl\/de\/ein-gemaelde-anfertigen-lassen\/\" data-type=\"page\" data-id=\"1224\">Gem\u00e4lde anfertigen lassen<\/a><\/strong>. Auf der Grundlage Ihrer eigenen Bilder, Ideen oder eines bestimmten Themas wird Jack ein pers\u00f6nliches Gem\u00e4lde speziell f\u00fcr Sie anfertigen. Einzigartig, besonders und ganz in Jacks charakteristischem Stil.<\/p>\n\n<\/div><\/div>\n\n<div class=\"gb-grid-column gb-grid-column-a26ccf62\"><div class=\"gb-container gb-container-a26ccf62\">\n\n<figure class=\"gb-block-image gb-block-image-22f76c8a\"><img loading=\"lazy\" decoding=\"async\" width=\"1440\" height=\"1152\" class=\"gb-image gb-image-22f76c8a\" src=\"https:\/\/www.jacksart.nl\/wp-content\/uploads\/2024\/10\/0465bd6f0a5eef64a081ea7d696b808e.jpg\" alt=\"\" title=\"0465bd6f0a5eef64a081ea7d696b808e\" srcset=\"https:\/\/www.jacksart.nl\/wp-content\/uploads\/2024\/10\/0465bd6f0a5eef64a081ea7d696b808e.jpg 1440w, https:\/\/www.jacksart.nl\/wp-content\/uploads\/2024\/10\/0465bd6f0a5eef64a081ea7d696b808e-512x410.jpg 512w, https:\/\/www.jacksart.nl\/wp-content\/uploads\/2024\/10\/0465bd6f0a5eef64a081ea7d696b808e-1024x819.jpg 1024w, https:\/\/www.jacksart.nl\/wp-content\/uploads\/2024\/10\/0465bd6f0a5eef64a081ea7d696b808e-768x614.jpg 768w, https:\/\/www.jacksart.nl\/wp-content\/uploads\/2024\/10\/0465bd6f0a5eef64a081ea7d696b808e-600x480.jpg 600w\" sizes=\"auto, (max-width: 1440px) 100vw, 1440px\" \/><\/figure>\n\n<\/div><\/div>\n<\/div>\n<\/div>\n<\/div>","protected":false},"excerpt":{"rendered":"<p>\u00dcber uns<\/p>\n","protected":false},"author":1,"featured_media":0,"parent":0,"menu_order":0,"comment_status":"closed","ping_status":"closed","template":"","meta":{"_acf_changed":false,"footnotes":""},"class_list":["post-1220","page","type-page","status-publish","hentry"],"blocksy_meta":[],"acf":[],"_links":{"self":[{"href":"https:\/\/www.jacksart.nl\/de\/wp-json\/wp\/v2\/pages\/1220","targetHints":{"allow":["GET"]}}],"collection":[{"href":"https:\/\/www.jacksart.nl\/de\/wp-json\/wp\/v2\/pages"}],"about":[{"href":"https:\/\/www.jacksart.nl\/de\/wp-json\/wp\/v2\/types\/page"}],"author":[{"embeddable":true,"href":"https:\/\/www.jacksart.nl\/de\/wp-json\/wp\/v2\/users\/1"}],"replies":[{"embeddable":true,"href":"https:\/\/www.jacksart.nl\/de\/wp-json\/wp\/v2\/comments?post=1220"}],"version-history":[{"count":2,"href":"https:\/\/www.jacksart.nl\/de\/wp-json\/wp\/v2\/pages\/1220\/revisions"}],"predecessor-version":[{"id":1632,"href":"https:\/\/www.jacksart.nl\/de\/wp-json\/wp\/v2\/pages\/1220\/revisions\/1632"}],"wp:attachment":[{"href":"https:\/\/www.jacksart.nl\/de\/wp-json\/wp\/v2\/media?parent=1220"}],"curies":[{"name":"wp","href":"https:\/\/api.w.org\/{rel}","templated":true}]}}