{"id":1236,"date":"2024-10-11T15:26:21","date_gmt":"2024-10-11T13:26:21","guid":{"rendered":"https:\/\/www.jacksart.nl\/bedankt-voor-je-bericht\/"},"modified":"2025-01-10T16:49:42","modified_gmt":"2025-01-10T15:49:42","slug":"danke-fuer-ihre-nachricht","status":"publish","type":"page","link":"https:\/\/www.jacksart.nl\/de\/danke-fuer-ihre-nachricht\/","title":{"rendered":"Danke f\u00fcr Ihre Nachricht"},"content":{"rendered":"<div class=\"gb-container gb-container-8e410a15 alignfull\">\n<div class=\"gb-container gb-container-17c5208a\">\n<h1 class=\"gb-headline gb-headline-757f68da gb-headline-text\">Danke f\u00fcr Ihre Nachricht<\/h1>\n<\/div>\n<\/div>\n\n<div class=\"gb-container gb-container-acc8e904 cat-btn\">\n<div class=\"gb-container gb-container-f4ac84a6\">\n<div class=\"gb-grid-wrapper gb-grid-wrapper-9baaa684\">\n<div class=\"gb-grid-column gb-grid-column-1e884004\"><div class=\"gb-container gb-container-1e884004\">\n\n<p>Sie haben soeben das Formular ausgef\u00fcllt. Wir haben Ihr ausgef\u00fclltes Formular ordnungsgem\u00e4\u00df erhalten und werden Ihre Nachricht so schnell wie m\u00f6glich beantworten.<\/p>\n\n<\/div><\/div>\n\n<div class=\"gb-grid-column gb-grid-column-23708cc3\"><div class=\"gb-container gb-container-23708cc3\">\n\n<figure class=\"gb-block-image gb-block-image-7dafbb3c\"><img loading=\"lazy\" decoding=\"async\" width=\"570\" height=\"570\" class=\"gb-image gb-image-7dafbb3c\" src=\"https:\/\/www.jacksart.nl\/wp-content\/uploads\/2024\/10\/4b1ec40d3c78253d102c7c5413b58d1d.jpg\" alt=\"\" srcset=\"https:\/\/www.jacksart.nl\/wp-content\/uploads\/2024\/10\/4b1ec40d3c78253d102c7c5413b58d1d.jpg 570w, https:\/\/www.jacksart.nl\/wp-content\/uploads\/2024\/10\/4b1ec40d3c78253d102c7c5413b58d1d-300x300.jpg 300w, https:\/\/www.jacksart.nl\/wp-content\/uploads\/2024\/10\/4b1ec40d3c78253d102c7c5413b58d1d-100x100.jpg 100w, https:\/\/www.jacksart.nl\/wp-content\/uploads\/2024\/10\/4b1ec40d3c78253d102c7c5413b58d1d-500x500.jpg 500w, https:\/\/www.jacksart.nl\/wp-content\/uploads\/2024\/10\/4b1ec40d3c78253d102c7c5413b58d1d-512x512.jpg 512w, https:\/\/www.jacksart.nl\/wp-content\/uploads\/2024\/10\/4b1ec40d3c78253d102c7c5413b58d1d-256x256.jpg 256w\" sizes=\"auto, (max-width: 570px) 100vw, 570px\" \/><\/figure>\n\n<\/div><\/div>\n<\/div>\n<\/div>\n<\/div>","protected":false},"excerpt":{"rendered":"<p>Danke f\u00fcr Ihre Nachricht<\/p>\n","protected":false},"author":1,"featured_media":0,"parent":0,"menu_order":0,"comment_status":"closed","ping_status":"closed","template":"","meta":{"_acf_changed":false,"footnotes":""},"class_list":["post-1236","page","type-page","status-publish","hentry"],"blocksy_meta":[],"acf":[],"_links":{"self":[{"href":"https:\/\/www.jacksart.nl\/de\/wp-json\/wp\/v2\/pages\/1236","targetHints":{"allow":["GET"]}}],"collection":[{"href":"https:\/\/www.jacksart.nl\/de\/wp-json\/wp\/v2\/pages"}],"about":[{"href":"https:\/\/www.jacksart.nl\/de\/wp-json\/wp\/v2\/types\/page"}],"author":[{"embeddable":true,"href":"https:\/\/www.jacksart.nl\/de\/wp-json\/wp\/v2\/users\/1"}],"replies":[{"embeddable":true,"href":"https:\/\/www.jacksart.nl\/de\/wp-json\/wp\/v2\/comments?post=1236"}],"version-history":[{"count":2,"href":"https:\/\/www.jacksart.nl\/de\/wp-json\/wp\/v2\/pages\/1236\/revisions"}],"predecessor-version":[{"id":1668,"href":"https:\/\/www.jacksart.nl\/de\/wp-json\/wp\/v2\/pages\/1236\/revisions\/1668"}],"wp:attachment":[{"href":"https:\/\/www.jacksart.nl\/de\/wp-json\/wp\/v2\/media?parent=1236"}],"curies":[{"name":"wp","href":"https:\/\/api.w.org\/{rel}","templated":true}]}}